{"id":264,"date":"2021-02-03T09:45:08","date_gmt":"2021-02-03T08:45:08","guid":{"rendered":"https:\/\/mindgram.cfolks.pl\/?page_id=264"},"modified":"2025-04-02T13:32:12","modified_gmt":"2025-04-02T11:32:12","slug":"o-nas","status":"publish","type":"page","link":"https:\/\/mindgram.com\/pl\/o-nas\/","title":{"rendered":"O nas"},"content":{"rendered":"","protected":false},"excerpt":{"rendered":"","protected":false},"author":1,"featured_media":0,"parent":0,"menu_order":0,"comment_status":"closed","ping_status":"closed","template":"page-about-us.php","meta":{"_acf_changed":false,"inline_featured_image":false,"footnotes":""},"class_list":["post-264","page","type-page","status-publish","hentry"],"acf":[],"yoast_head":"<!-- This site is optimized with the Yoast SEO plugin v26.3 - https:\/\/yoast.com\/wordpress\/plugins\/seo\/ -->\n<title>O nas - Mindgram<\/title>\n<meta name=\"description\" content=\"Mindgram to co\u015b zupe\u0142nie nowego na polskim rynku - wsparcie psychologiczne i rozw\u00f3j osobisty dla Twoich pracownik\u00f3w na wyci\u0105gni\u0119cie r\u0119ki\" \/>\n<meta name=\"robots\" content=\"index, follow, max-snippet:-1, max-image-preview:large, max-video-preview:-1\" \/>\n<link rel=\"canonical\" href=\"https:\/\/mindgram.com\/pl\/o-nas\/\" \/>\n<meta property=\"og:locale\" content=\"pl_PL\" \/>\n<meta property=\"og:type\" content=\"article\" \/>\n<meta property=\"og:title\" content=\"O nas - Mindgram\" \/>\n<meta property=\"og:description\" content=\"Mindgram to co\u015b zupe\u0142nie nowego na polskim rynku - wsparcie psychologiczne i rozw\u00f3j osobisty dla Twoich pracownik\u00f3w na wyci\u0105gni\u0119cie r\u0119ki\" \/>\n<meta property=\"og:url\" content=\"https:\/\/mindgram.com\/pl\/o-nas\/\" \/>\n<meta property=\"og:site_name\" content=\"Mindgram\" \/>\n<meta property=\"article:modified_time\" content=\"2025-04-02T11:32:12+00:00\" \/>\n<meta name=\"twitter:card\" content=\"summary_large_image\" \/>\n<script type=\"application\/ld+json\" class=\"yoast-schema-graph\">{\"@context\":\"https:\/\/schema.org\",\"@graph\":[{\"@type\":\"WebPage\",\"@id\":\"https:\/\/mindgram.com\/pl\/o-nas\/\",\"url\":\"https:\/\/mindgram.com\/pl\/o-nas\/\",\"name\":\"O nas - Mindgram\",\"isPartOf\":{\"@id\":\"https:\/\/mindgram.com\/pl\/#website\"},\"datePublished\":\"2021-02-03T08:45:08+00:00\",\"dateModified\":\"2025-04-02T11:32:12+00:00\",\"description\":\"Mindgram to co\u015b zupe\u0142nie nowego na polskim rynku - wsparcie psychologiczne i rozw\u00f3j osobisty dla Twoich pracownik\u00f3w na wyci\u0105gni\u0119cie r\u0119ki\",\"breadcrumb\":{\"@id\":\"https:\/\/mindgram.com\/pl\/o-nas\/#breadcrumb\"},\"inLanguage\":\"pl-PL\",\"potentialAction\":[{\"@type\":\"ReadAction\",\"target\":[\"https:\/\/mindgram.com\/pl\/o-nas\/\"]}]},{\"@type\":\"BreadcrumbList\",\"@id\":\"https:\/\/mindgram.com\/pl\/o-nas\/#breadcrumb\",\"itemListElement\":[{\"@type\":\"ListItem\",\"position\":1,\"name\":\"Home\",\"item\":\"https:\/\/mindgram.com\/pl\/\"},{\"@type\":\"ListItem\",\"position\":2,\"name\":\"O nas\"}]},{\"@type\":\"WebSite\",\"@id\":\"https:\/\/mindgram.com\/pl\/#website\",\"url\":\"https:\/\/mindgram.com\/pl\/\",\"name\":\"Mindgram\",\"description\":\"Najnowocze\u015bniejszy benefit pracowniczy. Ju\u017c niebawem w Polsce! Wsparcie psychologiczne i rozw\u00f3j osobisty online dla Twoich pracownik\u00f3w.\",\"publisher\":{\"@id\":\"https:\/\/mindgram.com\/pl\/#organization\"},\"potentialAction\":[{\"@type\":\"SearchAction\",\"target\":{\"@type\":\"EntryPoint\",\"urlTemplate\":\"https:\/\/mindgram.com\/pl\/?s={search_term_string}\"},\"query-input\":{\"@type\":\"PropertyValueSpecification\",\"valueRequired\":true,\"valueName\":\"search_term_string\"}}],\"inLanguage\":\"pl-PL\"},{\"@type\":\"Organization\",\"@id\":\"https:\/\/mindgram.com\/pl\/#organization\",\"name\":\"Mindgram\",\"url\":\"https:\/\/mindgram.com\/pl\/\",\"logo\":{\"@type\":\"ImageObject\",\"inLanguage\":\"pl-PL\",\"@id\":\"https:\/\/mindgram.com\/pl\/#\/schema\/logo\/image\/\",\"url\":\"https:\/\/mindgram.com\/wp-content\/uploads\/2021\/02\/new-logo.png\",\"contentUrl\":\"https:\/\/mindgram.com\/wp-content\/uploads\/2021\/02\/new-logo.png\",\"width\":288,\"height\":56,\"caption\":\"Mindgram\"},\"image\":{\"@id\":\"https:\/\/mindgram.com\/pl\/#\/schema\/logo\/image\/\"}}]}<\/script>\n<!-- \/ Yoast SEO plugin. -->","yoast_head_json":{"title":"O nas - Mindgram","description":"Mindgram to co\u015b zupe\u0142nie nowego na polskim rynku - wsparcie psychologiczne i rozw\u00f3j osobisty dla Twoich pracownik\u00f3w na wyci\u0105gni\u0119cie r\u0119ki","robots":{"index":"index","follow":"follow","max-snippet":"max-snippet:-1","max-image-preview":"max-image-preview:large","max-video-preview":"max-video-preview:-1"},"canonical":"https:\/\/mindgram.com\/pl\/o-nas\/","og_locale":"pl_PL","og_type":"article","og_title":"O nas - Mindgram","og_description":"Mindgram to co\u015b zupe\u0142nie nowego na polskim rynku - wsparcie psychologiczne i rozw\u00f3j osobisty dla Twoich pracownik\u00f3w na wyci\u0105gni\u0119cie r\u0119ki","og_url":"https:\/\/mindgram.com\/pl\/o-nas\/","og_site_name":"Mindgram","article_modified_time":"2025-04-02T11:32:12+00:00","twitter_card":"summary_large_image","schema":{"@context":"https:\/\/schema.org","@graph":[{"@type":"WebPage","@id":"https:\/\/mindgram.com\/pl\/o-nas\/","url":"https:\/\/mindgram.com\/pl\/o-nas\/","name":"O nas - Mindgram","isPartOf":{"@id":"https:\/\/mindgram.com\/pl\/#website"},"datePublished":"2021-02-03T08:45:08+00:00","dateModified":"2025-04-02T11:32:12+00:00","description":"Mindgram to co\u015b zupe\u0142nie nowego na polskim rynku - wsparcie psychologiczne i rozw\u00f3j osobisty dla Twoich pracownik\u00f3w na wyci\u0105gni\u0119cie r\u0119ki","breadcrumb":{"@id":"https:\/\/mindgram.com\/pl\/o-nas\/#breadcrumb"},"inLanguage":"pl-PL","potentialAction":[{"@type":"ReadAction","target":["https:\/\/mindgram.com\/pl\/o-nas\/"]}]},{"@type":"BreadcrumbList","@id":"https:\/\/mindgram.com\/pl\/o-nas\/#breadcrumb","itemListElement":[{"@type":"ListItem","position":1,"name":"Home","item":"https:\/\/mindgram.com\/pl\/"},{"@type":"ListItem","position":2,"name":"O nas"}]},{"@type":"WebSite","@id":"https:\/\/mindgram.com\/pl\/#website","url":"https:\/\/mindgram.com\/pl\/","name":"Mindgram","description":"Najnowocze\u015bniejszy benefit pracowniczy. Ju\u017c niebawem w Polsce! Wsparcie psychologiczne i rozw\u00f3j osobisty online dla Twoich pracownik\u00f3w.","publisher":{"@id":"https:\/\/mindgram.com\/pl\/#organization"},"potentialAction":[{"@type":"SearchAction","target":{"@type":"EntryPoint","urlTemplate":"https:\/\/mindgram.com\/pl\/?s={search_term_string}"},"query-input":{"@type":"PropertyValueSpecification","valueRequired":true,"valueName":"search_term_string"}}],"inLanguage":"pl-PL"},{"@type":"Organization","@id":"https:\/\/mindgram.com\/pl\/#organization","name":"Mindgram","url":"https:\/\/mindgram.com\/pl\/","logo":{"@type":"ImageObject","inLanguage":"pl-PL","@id":"https:\/\/mindgram.com\/pl\/#\/schema\/logo\/image\/","url":"https:\/\/mindgram.com\/wp-content\/uploads\/2021\/02\/new-logo.png","contentUrl":"https:\/\/mindgram.com\/wp-content\/uploads\/2021\/02\/new-logo.png","width":288,"height":56,"caption":"Mindgram"},"image":{"@id":"https:\/\/mindgram.com\/pl\/#\/schema\/logo\/image\/"}}]}},"_links":{"self":[{"href":"https:\/\/mindgram.com\/pl\/wp-json\/wp\/v2\/pages\/264","targetHints":{"allow":["GET"]}}],"collection":[{"href":"https:\/\/mindgram.com\/pl\/wp-json\/wp\/v2\/pages"}],"about":[{"href":"https:\/\/mindgram.com\/pl\/wp-json\/wp\/v2\/types\/page"}],"author":[{"embeddable":true,"href":"https:\/\/mindgram.com\/pl\/wp-json\/wp\/v2\/users\/1"}],"replies":[{"embeddable":true,"href":"https:\/\/mindgram.com\/pl\/wp-json\/wp\/v2\/comments?post=264"}],"version-history":[{"count":96,"href":"https:\/\/mindgram.com\/pl\/wp-json\/wp\/v2\/pages\/264\/revisions"}],"predecessor-version":[{"id":8071,"href":"https:\/\/mindgram.com\/pl\/wp-json\/wp\/v2\/pages\/264\/revisions\/8071"}],"wp:attachment":[{"href":"https:\/\/mindgram.com\/pl\/wp-json\/wp\/v2\/media?parent=264"}],"curies":[{"name":"wp","href":"https:\/\/api.w.org\/{rel}","templated":true}]}}