{"id":2290,"date":"2021-09-27T14:44:03","date_gmt":"2021-09-27T12:44:03","guid":{"rendered":"https:\/\/mindgram.cfolks.pl\/?page_id=2290"},"modified":"2024-09-20T13:22:38","modified_gmt":"2024-09-20T11:22:38","slug":"contact","status":"publish","type":"page","link":"https:\/\/mindgram.com\/en\/contact\/","title":{"rendered":"Contact"},"content":{"rendered":"","protected":false},"excerpt":{"rendered":"","protected":false},"author":1,"featured_media":0,"parent":0,"menu_order":0,"comment_status":"closed","ping_status":"closed","template":"page-contact.php","meta":{"_acf_changed":false,"inline_featured_image":false,"footnotes":""},"class_list":["post-2290","page","type-page","status-publish","hentry"],"acf":[],"yoast_head":"<!-- This site is optimized with the Yoast SEO plugin v26.3 - https:\/\/yoast.com\/wordpress\/plugins\/seo\/ -->\n<title>Contact - Mindgram<\/title>\n<meta name=\"description\" content=\"Contact - Mindgram\" \/>\n<meta name=\"robots\" content=\"index, follow, max-snippet:-1, max-image-preview:large, max-video-preview:-1\" \/>\n<link rel=\"canonical\" href=\"https:\/\/mindgram.com\/en\/contact\/\" \/>\n<meta property=\"og:locale\" content=\"en_US\" \/>\n<meta property=\"og:type\" content=\"article\" \/>\n<meta property=\"og:title\" content=\"Contact - Mindgram\" \/>\n<meta property=\"og:description\" content=\"Contact - Mindgram\" \/>\n<meta property=\"og:url\" content=\"https:\/\/mindgram.com\/en\/contact\/\" \/>\n<meta property=\"og:site_name\" content=\"Mindgram\" \/>\n<meta property=\"article:modified_time\" content=\"2024-09-20T11:22:38+00:00\" \/>\n<meta name=\"twitter:card\" content=\"summary_large_image\" \/>\n<script type=\"application\/ld+json\" class=\"yoast-schema-graph\">{\"@context\":\"https:\/\/schema.org\",\"@graph\":[{\"@type\":\"WebPage\",\"@id\":\"https:\/\/mindgram.com\/en\/contact\/\",\"url\":\"https:\/\/mindgram.com\/en\/contact\/\",\"name\":\"Contact - Mindgram\",\"isPartOf\":{\"@id\":\"https:\/\/mindgram.com\/en\/#website\"},\"datePublished\":\"2021-09-27T12:44:03+00:00\",\"dateModified\":\"2024-09-20T11:22:38+00:00\",\"description\":\"Contact - Mindgram\",\"breadcrumb\":{\"@id\":\"https:\/\/mindgram.com\/en\/contact\/#breadcrumb\"},\"inLanguage\":\"en-US\",\"potentialAction\":[{\"@type\":\"ReadAction\",\"target\":[\"https:\/\/mindgram.com\/en\/contact\/\"]}]},{\"@type\":\"BreadcrumbList\",\"@id\":\"https:\/\/mindgram.com\/en\/contact\/#breadcrumb\",\"itemListElement\":[{\"@type\":\"ListItem\",\"position\":1,\"name\":\"Home\",\"item\":\"https:\/\/mindgram.com\/en\/\"},{\"@type\":\"ListItem\",\"position\":2,\"name\":\"Contact\"}]},{\"@type\":\"WebSite\",\"@id\":\"https:\/\/mindgram.com\/en\/#website\",\"url\":\"https:\/\/mindgram.com\/en\/\",\"name\":\"Mindgram\",\"description\":\"Najnowocze\u015bniejszy benefit pracowniczy. Ju\u017c niebawem w Polsce! Wsparcie psychologiczne i rozw\u00f3j osobisty online dla Twoich pracownik\u00f3w.\",\"publisher\":{\"@id\":\"https:\/\/mindgram.com\/en\/#organization\"},\"potentialAction\":[{\"@type\":\"SearchAction\",\"target\":{\"@type\":\"EntryPoint\",\"urlTemplate\":\"https:\/\/mindgram.com\/en\/?s={search_term_string}\"},\"query-input\":{\"@type\":\"PropertyValueSpecification\",\"valueRequired\":true,\"valueName\":\"search_term_string\"}}],\"inLanguage\":\"en-US\"},{\"@type\":\"Organization\",\"@id\":\"https:\/\/mindgram.com\/en\/#organization\",\"name\":\"Mindgram\",\"url\":\"https:\/\/mindgram.com\/en\/\",\"logo\":{\"@type\":\"ImageObject\",\"inLanguage\":\"en-US\",\"@id\":\"https:\/\/mindgram.com\/en\/#\/schema\/logo\/image\/\",\"url\":\"https:\/\/mindgram.com\/wp-content\/uploads\/2021\/02\/new-logo.png\",\"contentUrl\":\"https:\/\/mindgram.com\/wp-content\/uploads\/2021\/02\/new-logo.png\",\"width\":288,\"height\":56,\"caption\":\"Mindgram\"},\"image\":{\"@id\":\"https:\/\/mindgram.com\/en\/#\/schema\/logo\/image\/\"}}]}<\/script>\n<!-- \/ Yoast SEO plugin. -->","yoast_head_json":{"title":"Contact - Mindgram","description":"Contact - Mindgram","robots":{"index":"index","follow":"follow","max-snippet":"max-snippet:-1","max-image-preview":"max-image-preview:large","max-video-preview":"max-video-preview:-1"},"canonical":"https:\/\/mindgram.com\/en\/contact\/","og_locale":"en_US","og_type":"article","og_title":"Contact - Mindgram","og_description":"Contact - Mindgram","og_url":"https:\/\/mindgram.com\/en\/contact\/","og_site_name":"Mindgram","article_modified_time":"2024-09-20T11:22:38+00:00","twitter_card":"summary_large_image","schema":{"@context":"https:\/\/schema.org","@graph":[{"@type":"WebPage","@id":"https:\/\/mindgram.com\/en\/contact\/","url":"https:\/\/mindgram.com\/en\/contact\/","name":"Contact - Mindgram","isPartOf":{"@id":"https:\/\/mindgram.com\/en\/#website"},"datePublished":"2021-09-27T12:44:03+00:00","dateModified":"2024-09-20T11:22:38+00:00","description":"Contact - Mindgram","breadcrumb":{"@id":"https:\/\/mindgram.com\/en\/contact\/#breadcrumb"},"inLanguage":"en-US","potentialAction":[{"@type":"ReadAction","target":["https:\/\/mindgram.com\/en\/contact\/"]}]},{"@type":"BreadcrumbList","@id":"https:\/\/mindgram.com\/en\/contact\/#breadcrumb","itemListElement":[{"@type":"ListItem","position":1,"name":"Home","item":"https:\/\/mindgram.com\/en\/"},{"@type":"ListItem","position":2,"name":"Contact"}]},{"@type":"WebSite","@id":"https:\/\/mindgram.com\/en\/#website","url":"https:\/\/mindgram.com\/en\/","name":"Mindgram","description":"Najnowocze\u015bniejszy benefit pracowniczy. Ju\u017c niebawem w Polsce! Wsparcie psychologiczne i rozw\u00f3j osobisty online dla Twoich pracownik\u00f3w.","publisher":{"@id":"https:\/\/mindgram.com\/en\/#organization"},"potentialAction":[{"@type":"SearchAction","target":{"@type":"EntryPoint","urlTemplate":"https:\/\/mindgram.com\/en\/?s={search_term_string}"},"query-input":{"@type":"PropertyValueSpecification","valueRequired":true,"valueName":"search_term_string"}}],"inLanguage":"en-US"},{"@type":"Organization","@id":"https:\/\/mindgram.com\/en\/#organization","name":"Mindgram","url":"https:\/\/mindgram.com\/en\/","logo":{"@type":"ImageObject","inLanguage":"en-US","@id":"https:\/\/mindgram.com\/en\/#\/schema\/logo\/image\/","url":"https:\/\/mindgram.com\/wp-content\/uploads\/2021\/02\/new-logo.png","contentUrl":"https:\/\/mindgram.com\/wp-content\/uploads\/2021\/02\/new-logo.png","width":288,"height":56,"caption":"Mindgram"},"image":{"@id":"https:\/\/mindgram.com\/en\/#\/schema\/logo\/image\/"}}]}},"_links":{"self":[{"href":"https:\/\/mindgram.com\/en\/wp-json\/wp\/v2\/pages\/2290","targetHints":{"allow":["GET"]}}],"collection":[{"href":"https:\/\/mindgram.com\/en\/wp-json\/wp\/v2\/pages"}],"about":[{"href":"https:\/\/mindgram.com\/en\/wp-json\/wp\/v2\/types\/page"}],"author":[{"embeddable":true,"href":"https:\/\/mindgram.com\/en\/wp-json\/wp\/v2\/users\/1"}],"replies":[{"embeddable":true,"href":"https:\/\/mindgram.com\/en\/wp-json\/wp\/v2\/comments?post=2290"}],"version-history":[{"count":2,"href":"https:\/\/mindgram.com\/en\/wp-json\/wp\/v2\/pages\/2290\/revisions"}],"predecessor-version":[{"id":7946,"href":"https:\/\/mindgram.com\/en\/wp-json\/wp\/v2\/pages\/2290\/revisions\/7946"}],"wp:attachment":[{"href":"https:\/\/mindgram.com\/en\/wp-json\/wp\/v2\/media?parent=2290"}],"curies":[{"name":"wp","href":"https:\/\/api.w.org\/{rel}","templated":true}]}}